{"id":1712,"date":"2021-11-21T15:14:44","date_gmt":"2021-11-21T14:14:44","guid":{"rendered":"https:\/\/www.missiongbg.se\/?page_id=1712"},"modified":"2026-04-28T10:14:07","modified_gmt":"2026-04-28T08:14:07","slug":"kontakt","status":"publish","type":"page","link":"https:\/\/www.missiongbg.se\/?page_id=1712","title":{"rendered":"Kontakt"},"content":{"rendered":"\t\t<div data-elementor-type=\"wp-page\" data-elementor-id=\"1712\" class=\"elementor elementor-1712\">\n\t\t\t\t\t\t<section class=\"elementor-section elementor-top-section elementor-element elementor-element-95c08c7 elementor-section-height-min-height elementor-section-items-top elementor-section-content-top elementor-section-boxed elementor-section-height-default\" data-id=\"95c08c7\" data-element_type=\"section\" data-e-type=\"section\" data-settings=\"{&quot;background_background&quot;:&quot;classic&quot;}\">\n\t\t\t\t\t\t\t<div class=\"elementor-background-overlay\"><\/div>\n\t\t\t\t\t\t\t<div class=\"elementor-container elementor-column-gap-default\">\n\t\t\t\t\t<div class=\"elementor-column elementor-col-100 elementor-top-column elementor-element elementor-element-87e0a9f\" data-id=\"87e0a9f\" data-element_type=\"column\" data-e-type=\"column\">\n\t\t\t<div class=\"elementor-widget-wrap elementor-element-populated\">\n\t\t\t\t\t\t<div class=\"elementor-element elementor-element-b7c3738 elementor-widget elementor-widget-spacer\" data-id=\"b7c3738\" data-element_type=\"widget\" data-e-type=\"widget\" data-widget_type=\"spacer.default\">\n\t\t\t\t<div class=\"elementor-widget-container\">\n\t\t\t\t\t\t\t<div class=\"elementor-spacer\">\n\t\t\t<div class=\"elementor-spacer-inner\"><\/div>\n\t\t<\/div>\n\t\t\t\t\t\t<\/div>\n\t\t\t\t<\/div>\n\t\t\t\t<div class=\"elementor-element elementor-element-64aa93e elementor-widget elementor-widget-heading\" data-id=\"64aa93e\" data-element_type=\"widget\" data-e-type=\"widget\" data-widget_type=\"heading.default\">\n\t\t\t\t<div class=\"elementor-widget-container\">\n\t\t\t\t\t<h1 class=\"elementor-heading-title elementor-size-default\">KONTAKT<\/h1>\t\t\t\t<\/div>\n\t\t\t\t<\/div>\n\t\t\t\t\t<\/div>\n\t\t<\/div>\n\t\t\t\t\t<\/div>\n\t\t<\/section>\n\t\t\t\t<section class=\"elementor-section elementor-top-section elementor-element elementor-element-d181040 elementor-section-boxed elementor-section-height-default elementor-section-height-default\" data-id=\"d181040\" data-element_type=\"section\" data-e-type=\"section\" data-settings=\"{&quot;background_background&quot;:&quot;classic&quot;}\">\n\t\t\t\t\t\t<div class=\"elementor-container elementor-column-gap-default\">\n\t\t\t\t\t<div class=\"elementor-column elementor-col-100 elementor-top-column elementor-element elementor-element-6903e03\" data-id=\"6903e03\" data-element_type=\"column\" data-e-type=\"column\">\n\t\t\t<div class=\"elementor-widget-wrap elementor-element-populated\">\n\t\t\t\t\t\t<div class=\"elementor-element elementor-element-10c8e63 elementor-widget elementor-widget-text-editor\" data-id=\"10c8e63\" data-element_type=\"widget\" data-e-type=\"widget\" data-widget_type=\"text-editor.default\">\n\t\t\t\t<div class=\"elementor-widget-container\">\n\t\t\t\t\t\t\t\t\t<h3>H\u00f6r av dig om du undrar n\u00e5got!<\/h3>\t\t\t\t\t\t\t\t<\/div>\n\t\t\t\t<\/div>\n\t\t\t\t\t<\/div>\n\t\t<\/div>\n\t\t\t\t\t<\/div>\n\t\t<\/section>\n\t\t\t\t<section class=\"elementor-section elementor-top-section elementor-element elementor-element-14888f7 elementor-section-boxed elementor-section-height-default elementor-section-height-default\" data-id=\"14888f7\" data-element_type=\"section\" data-e-type=\"section\">\n\t\t\t\t\t\t<div class=\"elementor-container elementor-column-gap-default\">\n\t\t\t\t\t<div class=\"elementor-column elementor-col-100 elementor-top-column elementor-element elementor-element-f4b16f0\" data-id=\"f4b16f0\" data-element_type=\"column\" data-e-type=\"column\">\n\t\t\t<div class=\"elementor-widget-wrap elementor-element-populated\">\n\t\t\t\t\t\t<div class=\"elementor-element elementor-element-15a30eb elementor-position-top elementor-widget elementor-widget-image-box\" data-id=\"15a30eb\" data-element_type=\"widget\" data-e-type=\"widget\" data-widget_type=\"image-box.default\">\n\t\t\t\t<div class=\"elementor-widget-container\">\n\t\t\t\t\t<div class=\"elementor-image-box-wrapper\"><figure class=\"elementor-image-box-img\"><img fetchpriority=\"high\" decoding=\"async\" width=\"2048\" height=\"2048\" src=\"https:\/\/www.missiongbg.se\/wp-content\/uploads\/2026\/04\/Namnlos-design2.png\" class=\"attachment-full size-full wp-image-2899\" alt=\"\" srcset=\"https:\/\/www.missiongbg.se\/wp-content\/uploads\/2026\/04\/Namnlos-design2.png 2048w, https:\/\/www.missiongbg.se\/wp-content\/uploads\/2026\/04\/Namnlos-design2-300x300.png 300w, https:\/\/www.missiongbg.se\/wp-content\/uploads\/2026\/04\/Namnlos-design2-1024x1024.png 1024w, https:\/\/www.missiongbg.se\/wp-content\/uploads\/2026\/04\/Namnlos-design2-150x150.png 150w, https:\/\/www.missiongbg.se\/wp-content\/uploads\/2026\/04\/Namnlos-design2-768x768.png 768w, https:\/\/www.missiongbg.se\/wp-content\/uploads\/2026\/04\/Namnlos-design2-1536x1536.png 1536w\" sizes=\"(max-width: 2048px) 100vw, 2048px\" \/><\/figure><div class=\"elementor-image-box-content\"><h3 class=\"elementor-image-box-title\">Adam Govik<\/h3><p class=\"elementor-image-box-description\">Ansvarig Mission GBG<br>\n<u><a href=\"mailto:adam@linneahuset.se\">adam@linneahuset.se<\/a><\/u><br>\n<u><a href=\"tel:0760396267\">076-039 62 67<\/a><\/u><\/p><\/div><\/div>\t\t\t\t<\/div>\n\t\t\t\t<\/div>\n\t\t\t\t\t<\/div>\n\t\t<\/div>\n\t\t\t\t\t<\/div>\n\t\t<\/section>\n\t\t\t\t<section class=\"elementor-section elementor-top-section elementor-element elementor-element-cea16b0 elementor-section-boxed elementor-section-height-default elementor-section-height-default\" data-id=\"cea16b0\" data-element_type=\"section\" data-e-type=\"section\">\n\t\t\t\t\t\t<div class=\"elementor-container elementor-column-gap-default\">\n\t\t\t\t\t<div class=\"elementor-column elementor-col-100 elementor-top-column elementor-element elementor-element-b148e3d\" data-id=\"b148e3d\" data-element_type=\"column\" data-e-type=\"column\">\n\t\t\t<div class=\"elementor-widget-wrap elementor-element-populated\">\n\t\t\t\t\t\t<div class=\"elementor-element elementor-element-0146ca8 elementor-widget-divider--view-line elementor-widget elementor-widget-divider\" data-id=\"0146ca8\" data-element_type=\"widget\" data-e-type=\"widget\" data-widget_type=\"divider.default\">\n\t\t\t\t<div class=\"elementor-widget-container\">\n\t\t\t\t\t\t\t<div class=\"elementor-divider\">\n\t\t\t<span class=\"elementor-divider-separator\">\n\t\t\t\t\t\t<\/span>\n\t\t<\/div>\n\t\t\t\t\t\t<\/div>\n\t\t\t\t<\/div>\n\t\t\t\t\t<\/div>\n\t\t<\/div>\n\t\t\t\t\t<\/div>\n\t\t<\/section>\n\t\t\t\t<section class=\"elementor-section elementor-top-section elementor-element elementor-element-fd39e49 elementor-section-boxed elementor-section-height-default elementor-section-height-default\" data-id=\"fd39e49\" data-element_type=\"section\" data-e-type=\"section\">\n\t\t\t\t\t\t<div class=\"elementor-container elementor-column-gap-default\">\n\t\t\t\t\t<div class=\"elementor-column elementor-col-100 elementor-top-column elementor-element elementor-element-d1ccaa4\" data-id=\"d1ccaa4\" data-element_type=\"column\" data-e-type=\"column\">\n\t\t\t<div class=\"elementor-widget-wrap elementor-element-populated\">\n\t\t\t\t\t\t<div class=\"elementor-element elementor-element-7f497ab elementor-widget-divider--view-line elementor-widget elementor-widget-divider\" data-id=\"7f497ab\" data-element_type=\"widget\" data-e-type=\"widget\" data-widget_type=\"divider.default\">\n\t\t\t\t<div class=\"elementor-widget-container\">\n\t\t\t\t\t\t\t<div class=\"elementor-divider\">\n\t\t\t<span class=\"elementor-divider-separator\">\n\t\t\t\t\t\t<\/span>\n\t\t<\/div>\n\t\t\t\t\t\t<\/div>\n\t\t\t\t<\/div>\n\t\t\t\t\t<\/div>\n\t\t<\/div>\n\t\t\t\t\t<\/div>\n\t\t<\/section>\n\t\t\t\t<section class=\"elementor-section elementor-top-section elementor-element elementor-element-7f0d4e3 elementor-section-content-middle elementor-section-boxed elementor-section-height-default elementor-section-height-default\" data-id=\"7f0d4e3\" data-element_type=\"section\" data-e-type=\"section\" data-settings=\"{&quot;background_background&quot;:&quot;classic&quot;}\">\n\t\t\t\t\t\t\t<div class=\"elementor-background-overlay\"><\/div>\n\t\t\t\t\t\t\t<div class=\"elementor-container elementor-column-gap-default\">\n\t\t\t\t\t<div class=\"elementor-column elementor-col-100 elementor-top-column elementor-element elementor-element-a7936cb\" data-id=\"a7936cb\" data-element_type=\"column\" data-e-type=\"column\">\n\t\t\t<div class=\"elementor-widget-wrap elementor-element-populated\">\n\t\t\t\t\t\t<section class=\"elementor-section elementor-inner-section elementor-element elementor-element-09c16d2 elementor-section-boxed elementor-section-height-default elementor-section-height-default\" data-id=\"09c16d2\" data-element_type=\"section\" data-e-type=\"section\">\n\t\t\t\t\t\t<div class=\"elementor-container elementor-column-gap-default\">\n\t\t\t\t\t<div class=\"elementor-column elementor-col-100 elementor-inner-column elementor-element elementor-element-13f23ec\" data-id=\"13f23ec\" data-element_type=\"column\" data-e-type=\"column\">\n\t\t\t<div class=\"elementor-widget-wrap\">\n\t\t\t\t\t\t\t<\/div>\n\t\t<\/div>\n\t\t\t\t\t<\/div>\n\t\t<\/section>\n\t\t\t\t<section class=\"elementor-section elementor-inner-section elementor-element elementor-element-a15ce9e elementor-section-boxed elementor-section-height-default elementor-section-height-default\" data-id=\"a15ce9e\" data-element_type=\"section\" data-e-type=\"section\">\n\t\t\t\t\t\t<div class=\"elementor-container elementor-column-gap-default\">\n\t\t\t\t\t<div class=\"elementor-column elementor-col-33 elementor-inner-column elementor-element elementor-element-6b08f4d\" data-id=\"6b08f4d\" data-element_type=\"column\" data-e-type=\"column\">\n\t\t\t<div class=\"elementor-widget-wrap elementor-element-populated\">\n\t\t\t\t\t\t\t<\/div>\n\t\t<\/div>\n\t\t\t\t<div class=\"elementor-column elementor-col-33 elementor-inner-column elementor-element elementor-element-508ac82\" data-id=\"508ac82\" data-element_type=\"column\" data-e-type=\"column\">\n\t\t\t<div class=\"elementor-widget-wrap elementor-element-populated\">\n\t\t\t\t\t\t<div class=\"elementor-element elementor-element-9b370e5 elementor-align-center elementor-widget elementor-widget-button\" data-id=\"9b370e5\" data-element_type=\"widget\" data-e-type=\"widget\" data-widget_type=\"button.default\">\n\t\t\t\t<div class=\"elementor-widget-container\">\n\t\t\t\t\t\t\t\t\t<div class=\"elementor-button-wrapper\">\n\t\t\t\t\t<a class=\"elementor-button elementor-button-link elementor-size-sm\" href=\"https:\/\/www.missiongbg.se\/?page_id=1712\">\n\t\t\t\t\t\t<span class=\"elementor-button-content-wrapper\">\n\t\t\t\t\t\t\t\t\t<span class=\"elementor-button-text\">KONTAKTA OSS<\/span>\n\t\t\t\t\t<\/span>\n\t\t\t\t\t<\/a>\n\t\t\t\t<\/div>\n\t\t\t\t\t\t\t\t<\/div>\n\t\t\t\t<\/div>\n\t\t\t\t<div class=\"elementor-element elementor-element-8114471 elementor-widget elementor-widget-text-editor\" data-id=\"8114471\" data-element_type=\"widget\" data-e-type=\"widget\" data-widget_type=\"text-editor.default\">\n\t\t\t\t<div class=\"elementor-widget-container\">\n\t\t\t\t\t\t\t\t\t<p>Om du har fr\u00e5gor eller funderingar<\/p>\t\t\t\t\t\t\t\t<\/div>\n\t\t\t\t<\/div>\n\t\t\t\t\t<\/div>\n\t\t<\/div>\n\t\t\t\t<div class=\"elementor-column elementor-col-33 elementor-inner-column elementor-element elementor-element-b3a3c49\" data-id=\"b3a3c49\" data-element_type=\"column\" data-e-type=\"column\">\n\t\t\t<div class=\"elementor-widget-wrap\">\n\t\t\t\t\t\t\t<\/div>\n\t\t<\/div>\n\t\t\t\t\t<\/div>\n\t\t<\/section>\n\t\t\t\t\t<\/div>\n\t\t<\/div>\n\t\t\t\t\t<\/div>\n\t\t<\/section>\n\t\t\t\t<\/div>\n\t\t","protected":false},"excerpt":{"rendered":"<p>KONTAKT H\u00f6r av dig om du undrar n\u00e5got! Adam Govik Ansvarig Mission GBG adam@linneahuset.se 076-039 62 67 KONTAKTA OSS Om du har fr\u00e5gor eller funderingar<\/p>\n","protected":false},"author":1,"featured_media":0,"parent":0,"menu_order":0,"comment_status":"closed","ping_status":"closed","template":"","meta":{"site-sidebar-layout":"no-sidebar","site-content-layout":"page-builder","ast-site-content-layout":"default","site-content-style":"default","site-sidebar-style":"default","ast-global-header-display":"","ast-banner-title-visibility":"","ast-main-header-display":"","ast-hfb-above-header-display":"","ast-hfb-below-header-display":"","ast-hfb-mobile-header-display":"","site-post-title":"disabled","ast-breadcrumbs-content":"","ast-featured-img":"disabled","footer-sml-layout":"","ast-disable-related-posts":"","theme-transparent-header-meta":"enabled","adv-header-id-meta":"","stick-header-meta":"","header-above-stick-meta":"","header-main-stick-meta":"","header-below-stick-meta":"","astra-migrate-meta-layouts":"default","ast-page-background-enabled":"default","ast-page-background-meta":{"desktop":{"background-color":"var(--ast-global-color-4)","background-image":"","background-repeat":"repeat","background-position":"center center","background-size":"auto","background-attachment":"scroll","background-type":"","background-media":"","overlay-type":"","overlay-color":"","overlay-opacity":"","overlay-gradient":""},"tablet":{"background-color":"","background-image":"","background-repeat":"repeat","background-position":"center center","background-size":"auto","background-attachment":"scroll","background-type":"","background-media":"","overlay-type":"","overlay-color":"","overlay-opacity":"","overlay-gradient":""},"mobile":{"background-color":"","background-image":"","background-repeat":"repeat","background-position":"center center","background-size":"auto","background-attachment":"scroll","background-type":"","background-media":"","overlay-type":"","overlay-color":"","overlay-opacity":"","overlay-gradient":""}},"ast-content-background-meta":{"desktop":{"background-color":"var(--ast-global-color-5)","background-image":"","background-repeat":"repeat","background-position":"center center","background-size":"auto","background-attachment":"scroll","background-type":"","background-media":"","overlay-type":"","overlay-color":"","overlay-opacity":"","overlay-gradient":""},"tablet":{"background-color":"var(--ast-global-color-5)","background-image":"","background-repeat":"repeat","background-position":"center center","background-size":"auto","background-attachment":"scroll","background-type":"","background-media":"","overlay-type":"","overlay-color":"","overlay-opacity":"","overlay-gradient":""},"mobile":{"background-color":"var(--ast-global-color-5)","background-image":"","background-repeat":"repeat","background-position":"center center","background-size":"auto","background-attachment":"scroll","background-type":"","background-media":"","overlay-type":"","overlay-color":"","overlay-opacity":"","overlay-gradient":""}},"footnotes":""},"class_list":["post-1712","page","type-page","status-publish","hentry"],"yoast_head":"<!-- This site is optimized with the Yoast SEO plugin v20.9 - https:\/\/yoast.com\/wordpress\/plugins\/seo\/ -->\n<title>Kontakt - Mission G\u00f6teborg<\/title>\n<meta name=\"robots\" content=\"index, follow, max-snippet:-1, max-image-preview:large, max-video-preview:-1\" \/>\n<link rel=\"canonical\" href=\"https:\/\/www.missiongbg.se\/?page_id=1712\" \/>\n<meta property=\"og:locale\" content=\"en_US\" \/>\n<meta property=\"og:type\" content=\"article\" \/>\n<meta property=\"og:title\" content=\"Kontakt - Mission G\u00f6teborg\" \/>\n<meta property=\"og:description\" content=\"KONTAKT H\u00f6r av dig om du undrar n\u00e5got! Adam Govik Ansvarig Mission GBG adam@linneahuset.se 076-039 62 67 KONTAKTA OSS Om du har fr\u00e5gor eller funderingar\" \/>\n<meta property=\"og:url\" content=\"https:\/\/www.missiongbg.se\/?page_id=1712\" \/>\n<meta property=\"og:site_name\" content=\"Mission G\u00f6teborg\" \/>\n<meta property=\"article:modified_time\" content=\"2026-04-28T08:14:07+00:00\" \/>\n<meta property=\"og:image\" content=\"https:\/\/www.missiongbg.se\/wp-content\/uploads\/2026\/04\/Namnlos-design2.png\" \/>\n<meta name=\"twitter:card\" content=\"summary_large_image\" \/>\n<meta name=\"twitter:label1\" content=\"Est. reading time\" \/>\n\t<meta name=\"twitter:data1\" content=\"1 minute\" \/>\n<script type=\"application\/ld+json\" class=\"yoast-schema-graph\">{\"@context\":\"https:\/\/schema.org\",\"@graph\":[{\"@type\":\"WebPage\",\"@id\":\"https:\/\/www.missiongbg.se\/?page_id=1712\",\"url\":\"https:\/\/www.missiongbg.se\/?page_id=1712\",\"name\":\"Kontakt - Mission G\u00f6teborg\",\"isPartOf\":{\"@id\":\"https:\/\/www.missiongbg.se\/#website\"},\"datePublished\":\"2021-11-21T14:14:44+00:00\",\"dateModified\":\"2026-04-28T08:14:07+00:00\",\"breadcrumb\":{\"@id\":\"https:\/\/www.missiongbg.se\/?page_id=1712#breadcrumb\"},\"inLanguage\":\"en-US\",\"potentialAction\":[{\"@type\":\"ReadAction\",\"target\":[\"https:\/\/www.missiongbg.se\/?page_id=1712\"]}]},{\"@type\":\"BreadcrumbList\",\"@id\":\"https:\/\/www.missiongbg.se\/?page_id=1712#breadcrumb\",\"itemListElement\":[{\"@type\":\"ListItem\",\"position\":1,\"name\":\"Home\",\"item\":\"https:\/\/www.missiongbg.se\/\"},{\"@type\":\"ListItem\",\"position\":2,\"name\":\"Kontakt\"}]},{\"@type\":\"WebSite\",\"@id\":\"https:\/\/www.missiongbg.se\/#website\",\"url\":\"https:\/\/www.missiongbg.se\/\",\"name\":\"Mission G\u00f6teborg\",\"description\":\"L\u00e4rjungaskola\",\"publisher\":{\"@id\":\"https:\/\/www.missiongbg.se\/#organization\"},\"potentialAction\":[{\"@type\":\"SearchAction\",\"target\":{\"@type\":\"EntryPoint\",\"urlTemplate\":\"https:\/\/www.missiongbg.se\/?s={search_term_string}\"},\"query-input\":\"required name=search_term_string\"}],\"inLanguage\":\"en-US\"},{\"@type\":\"Organization\",\"@id\":\"https:\/\/www.missiongbg.se\/#organization\",\"name\":\"Mission G\u00f6teborg\",\"url\":\"https:\/\/www.missiongbg.se\/\",\"logo\":{\"@type\":\"ImageObject\",\"inLanguage\":\"en-US\",\"@id\":\"https:\/\/www.missiongbg.se\/#\/schema\/logo\/image\/\",\"url\":\"https:\/\/www.missiongbg.se\/wp-content\/uploads\/2023\/04\/cropped-Logga-Mission-GBGs-affisch-2.png\",\"contentUrl\":\"https:\/\/www.missiongbg.se\/wp-content\/uploads\/2023\/04\/cropped-Logga-Mission-GBGs-affisch-2.png\",\"width\":1000,\"height\":383,\"caption\":\"Mission G\u00f6teborg\"},\"image\":{\"@id\":\"https:\/\/www.missiongbg.se\/#\/schema\/logo\/image\/\"}}]}<\/script>\n<!-- \/ Yoast SEO plugin. -->","yoast_head_json":{"title":"Kontakt - Mission G\u00f6teborg","robots":{"index":"index","follow":"follow","max-snippet":"max-snippet:-1","max-image-preview":"max-image-preview:large","max-video-preview":"max-video-preview:-1"},"canonical":"https:\/\/www.missiongbg.se\/?page_id=1712","og_locale":"en_US","og_type":"article","og_title":"Kontakt - Mission G\u00f6teborg","og_description":"KONTAKT H\u00f6r av dig om du undrar n\u00e5got! Adam Govik Ansvarig Mission GBG adam@linneahuset.se 076-039 62 67 KONTAKTA OSS Om du har fr\u00e5gor eller funderingar","og_url":"https:\/\/www.missiongbg.se\/?page_id=1712","og_site_name":"Mission G\u00f6teborg","article_modified_time":"2026-04-28T08:14:07+00:00","og_image":[{"url":"https:\/\/www.missiongbg.se\/wp-content\/uploads\/2026\/04\/Namnlos-design2.png"}],"twitter_card":"summary_large_image","twitter_misc":{"Est. reading time":"1 minute"},"schema":{"@context":"https:\/\/schema.org","@graph":[{"@type":"WebPage","@id":"https:\/\/www.missiongbg.se\/?page_id=1712","url":"https:\/\/www.missiongbg.se\/?page_id=1712","name":"Kontakt - Mission G\u00f6teborg","isPartOf":{"@id":"https:\/\/www.missiongbg.se\/#website"},"datePublished":"2021-11-21T14:14:44+00:00","dateModified":"2026-04-28T08:14:07+00:00","breadcrumb":{"@id":"https:\/\/www.missiongbg.se\/?page_id=1712#breadcrumb"},"inLanguage":"en-US","potentialAction":[{"@type":"ReadAction","target":["https:\/\/www.missiongbg.se\/?page_id=1712"]}]},{"@type":"BreadcrumbList","@id":"https:\/\/www.missiongbg.se\/?page_id=1712#breadcrumb","itemListElement":[{"@type":"ListItem","position":1,"name":"Home","item":"https:\/\/www.missiongbg.se\/"},{"@type":"ListItem","position":2,"name":"Kontakt"}]},{"@type":"WebSite","@id":"https:\/\/www.missiongbg.se\/#website","url":"https:\/\/www.missiongbg.se\/","name":"Mission G\u00f6teborg","description":"L\u00e4rjungaskola","publisher":{"@id":"https:\/\/www.missiongbg.se\/#organization"},"potentialAction":[{"@type":"SearchAction","target":{"@type":"EntryPoint","urlTemplate":"https:\/\/www.missiongbg.se\/?s={search_term_string}"},"query-input":"required name=search_term_string"}],"inLanguage":"en-US"},{"@type":"Organization","@id":"https:\/\/www.missiongbg.se\/#organization","name":"Mission G\u00f6teborg","url":"https:\/\/www.missiongbg.se\/","logo":{"@type":"ImageObject","inLanguage":"en-US","@id":"https:\/\/www.missiongbg.se\/#\/schema\/logo\/image\/","url":"https:\/\/www.missiongbg.se\/wp-content\/uploads\/2023\/04\/cropped-Logga-Mission-GBGs-affisch-2.png","contentUrl":"https:\/\/www.missiongbg.se\/wp-content\/uploads\/2023\/04\/cropped-Logga-Mission-GBGs-affisch-2.png","width":1000,"height":383,"caption":"Mission G\u00f6teborg"},"image":{"@id":"https:\/\/www.missiongbg.se\/#\/schema\/logo\/image\/"}}]}},"_links":{"self":[{"href":"https:\/\/www.missiongbg.se\/index.php?rest_route=\/wp\/v2\/pages\/1712","targetHints":{"allow":["GET"]}}],"collection":[{"href":"https:\/\/www.missiongbg.se\/index.php?rest_route=\/wp\/v2\/pages"}],"about":[{"href":"https:\/\/www.missiongbg.se\/index.php?rest_route=\/wp\/v2\/types\/page"}],"author":[{"embeddable":true,"href":"https:\/\/www.missiongbg.se\/index.php?rest_route=\/wp\/v2\/users\/1"}],"replies":[{"embeddable":true,"href":"https:\/\/www.missiongbg.se\/index.php?rest_route=%2Fwp%2Fv2%2Fcomments&post=1712"}],"version-history":[{"count":6,"href":"https:\/\/www.missiongbg.se\/index.php?rest_route=\/wp\/v2\/pages\/1712\/revisions"}],"predecessor-version":[{"id":2915,"href":"https:\/\/www.missiongbg.se\/index.php?rest_route=\/wp\/v2\/pages\/1712\/revisions\/2915"}],"wp:attachment":[{"href":"https:\/\/www.missiongbg.se\/index.php?rest_route=%2Fwp%2Fv2%2Fmedia&parent=1712"}],"curies":[{"name":"wp","href":"https:\/\/api.w.org\/{rel}","templated":true}]}}